{"id":1263,"date":"2025-06-27T13:42:23","date_gmt":"2025-06-27T11:42:23","guid":{"rendered":"https:\/\/biwak12.com\/accessibilita\/"},"modified":"2025-06-27T14:04:33","modified_gmt":"2025-06-27T12:04:33","slug":"accessibilita","status":"publish","type":"page","link":"https:\/\/biwak12.com\/it\/accessibilita\/","title":{"rendered":"Accessibilit\u00e0"},"content":{"rendered":"\t\t<div data-elementor-type=\"wp-page\" data-elementor-id=\"1263\" class=\"elementor elementor-1263 elementor-1255\" data-elementor-post-type=\"page\">\n\t\t\t\t<div class=\"elementor-element elementor-element-9c5b193 e-con-full e-flex e-con e-parent\" data-id=\"9c5b193\" data-element_type=\"container\" data-settings=\"{&quot;background_background&quot;:&quot;classic&quot;}\">\n\t\t\t\t<div class=\"elementor-element elementor-element-045cb6e elementor-widget elementor-widget-heading\" data-id=\"045cb6e\" data-element_type=\"widget\" data-widget_type=\"heading.default\">\n\t\t\t\t<div class=\"elementor-widget-container\">\n\t\t\t\t\t<h1 class=\"elementor-heading-title elementor-size-default\">Accessibilit\u00e0<\/h1>\t\t\t\t<\/div>\n\t\t\t\t<\/div>\n\t\t\t\t<\/div>\n\t\t<div class=\"elementor-element elementor-element-b1d7af7 e-flex e-con-boxed e-con e-parent\" data-id=\"b1d7af7\" data-element_type=\"container\">\n\t\t\t\t\t<div class=\"e-con-inner\">\n\t\t<div class=\"elementor-element elementor-element-ec69194 e-con-full e-flex e-con e-child\" data-id=\"ec69194\" data-element_type=\"container\">\n\t\t\t\t<div class=\"elementor-element elementor-element-f7ac88b elementor-widget elementor-widget-heading\" data-id=\"f7ac88b\" data-element_type=\"widget\" data-widget_type=\"heading.default\">\n\t\t\t\t<div class=\"elementor-widget-container\">\n\t\t\t\t\t<h2 class=\"elementor-heading-title elementor-size-default\">Dichiarazione di accessibilit\u00e0 per biwak12.com<\/h2>\t\t\t\t<\/div>\n\t\t\t\t<\/div>\n\t\t\t\t<div class=\"elementor-element elementor-element-2eb7ef6 elementor-widget elementor-widget-text-editor\" data-id=\"2eb7ef6\" data-element_type=\"widget\" data-widget_type=\"text-editor.default\">\n\t\t\t\t<div class=\"elementor-widget-container\">\n\t\t\t\t\t\t\t\t\t<p>Noi ci impegniamo a rendere il nostro sito web il pi\u00f9 accessibile possibile, per garantire a tutte le persone \u2013 comprese quelle con disabilit\u00e0 \u2013 un accesso privo di barriere.<\/p>\n\t\t\t\t\t\t\t\t<\/div>\n\t\t\t\t<\/div>\n\t\t\t\t<\/div>\n\t\t<div class=\"elementor-element elementor-element-16e0623 e-con-full e-flex e-con e-child\" data-id=\"16e0623\" data-element_type=\"container\">\n\t\t\t\t<div class=\"elementor-element elementor-element-898eaa7 elementor-widget elementor-widget-heading\" data-id=\"898eaa7\" data-element_type=\"widget\" data-widget_type=\"heading.default\">\n\t\t\t\t<div class=\"elementor-widget-container\">\n\t\t\t\t\t<h2 class=\"elementor-heading-title elementor-size-default\">Standard di accessibilit\u00e0<\/h2>\t\t\t\t<\/div>\n\t\t\t\t<\/div>\n\t\t\t\t<div class=\"elementor-element elementor-element-696205e elementor-widget elementor-widget-text-editor\" data-id=\"696205e\" data-element_type=\"widget\" data-widget_type=\"text-editor.default\">\n\t\t\t\t<div class=\"elementor-widget-container\">\n\t\t\t\t\t\t\t\t\t<p>Il nostro sito si basa sulle normative europee sull\u2019accessibilit\u00e0, in particolare sul European Accessibility Act (EAA) che entrer\u00e0 in vigore il 28 giugno 2025, e sulle Linee guida WCAG 2.1 a livello AA.<\/p>\n\t\t\t\t\t\t\t\t<\/div>\n\t\t\t\t<\/div>\n\t\t\t\t<\/div>\n\t\t<div class=\"elementor-element elementor-element-c0bcc99 e-con-full e-flex e-con e-child\" data-id=\"c0bcc99\" data-element_type=\"container\">\n\t\t\t\t<div class=\"elementor-element elementor-element-7d85e31 elementor-widget elementor-widget-heading\" data-id=\"7d85e31\" data-element_type=\"widget\" data-widget_type=\"heading.default\">\n\t\t\t\t<div class=\"elementor-widget-container\">\n\t\t\t\t\t<h2 class=\"elementor-heading-title elementor-size-default\">Misure implementate<\/h2>\t\t\t\t<\/div>\n\t\t\t\t<\/div>\n\t\t\t\t<div class=\"elementor-element elementor-element-f2344e9 elementor-widget elementor-widget-text-editor\" data-id=\"f2344e9\" data-element_type=\"widget\" data-widget_type=\"text-editor.default\">\n\t\t\t\t<div class=\"elementor-widget-container\">\n\t\t\t\t\t\t\t\t\t<ul>\n<li>Navigazione tramite tastiera possibile<\/li>\n<li>Testi alternativi per le immagini forniti<\/li>\n<li>Struttura di titoli (H1, H2, \u2026) utilizzata correttamente<\/li>\n<li>Regolazione dei colori e del contrasto tramite widget di accessibilit\u00e0<\/li>\n<li>Testi chiari e comprensibili, link e pulsanti facilmente riconoscibili<\/li>\n<\/ul>\n\t\t\t\t\t\t\t\t<\/div>\n\t\t\t\t<\/div>\n\t\t\t\t<\/div>\n\t\t<div class=\"elementor-element elementor-element-9ea89db e-con-full e-flex e-con e-child\" data-id=\"9ea89db\" data-element_type=\"container\">\n\t\t\t\t<div class=\"elementor-element elementor-element-13e40f8 elementor-widget elementor-widget-heading\" data-id=\"13e40f8\" data-element_type=\"widget\" data-widget_type=\"heading.default\">\n\t\t\t\t<div class=\"elementor-widget-container\">\n\t\t\t\t\t<h2 class=\"elementor-heading-title elementor-size-default\">Contenuti non accessibili<\/h2>\t\t\t\t<\/div>\n\t\t\t\t<\/div>\n\t\t\t\t<div class=\"elementor-element elementor-element-644587d elementor-widget elementor-widget-text-editor\" data-id=\"644587d\" data-element_type=\"widget\" data-widget_type=\"text-editor.default\">\n\t\t\t\t<div class=\"elementor-widget-container\">\n\t\t\t\t\t\t\t\t\t<p>Nonostante i nostri sforzi, alcune aree potrebbero non essere ancora completamente accessibili. Lavoriamo costantemente per migliorare il sito.<\/p>\n\t\t\t\t\t\t\t\t<\/div>\n\t\t\t\t<\/div>\n\t\t\t\t<\/div>\n\t\t<div class=\"elementor-element elementor-element-440bb2f e-con-full e-flex e-con e-child\" data-id=\"440bb2f\" data-element_type=\"container\">\n\t\t\t\t<div class=\"elementor-element elementor-element-47c6c6b elementor-widget elementor-widget-heading\" data-id=\"47c6c6b\" data-element_type=\"widget\" data-widget_type=\"heading.default\">\n\t\t\t\t<div class=\"elementor-widget-container\">\n\t\t\t\t\t<h2 class=\"elementor-heading-title elementor-size-default\">Feedback e contatti<\/h2>\t\t\t\t<\/div>\n\t\t\t\t<\/div>\n\t\t\t\t<div class=\"elementor-element elementor-element-1c47d03 elementor-widget elementor-widget-text-editor\" data-id=\"1c47d03\" data-element_type=\"widget\" data-widget_type=\"text-editor.default\">\n\t\t\t\t<div class=\"elementor-widget-container\">\n\t\t\t\t\t\t\t\t\t<p>Se riscontri problemi nell\u2019utilizzo del nostro sito o hai domande sull\u2019accessibilit\u00e0, ti preghiamo di contattarci:<\/p>\n<p>Christian Schwienbacher &amp; Co. OHG<br \/>E-Mail:\u00a0<a href=\"mailto:info@biwak12.com\">info@biwak12.com<\/a><\/p>\n<p>&nbsp;<\/p>\n<p><strong>Data dell\u2019ultima revisione:<\/strong> 27\/06\/2025<\/p>\n\t\t\t\t\t\t\t\t<\/div>\n\t\t\t\t<\/div>\n\t\t\t\t<\/div>\n\t\t\t\t\t<\/div>\n\t\t\t\t<\/div>\n\t\t\t\t<\/div>\n\t\t","protected":false},"excerpt":{"rendered":"<p>Accessibilit\u00e0 Dichiarazione di accessibilit\u00e0 per biwak12.com Noi ci impegniamo a rendere il nostro sito web il pi\u00f9 accessibile possibile, per garantire a tutte le persone \u2013 comprese quelle con disabilit\u00e0 \u2013 un accesso privo di barriere. Standard di accessibilit\u00e0 Il nostro sito si basa sulle normative europee sull\u2019accessibilit\u00e0, in particolare sul European Accessibility Act (EAA) [&hellip;]<\/p>\n","protected":false},"author":1,"featured_media":227,"parent":0,"menu_order":0,"comment_status":"closed","ping_status":"closed","template":"","meta":{"_acf_changed":false,"footnotes":""},"class_list":["post-1263","page","type-page","status-publish","has-post-thumbnail","hentry"],"acf":[],"yoast_head":"<!-- This site is optimized with the Yoast SEO plugin v26.5 - https:\/\/yoast.com\/wordpress\/plugins\/seo\/ -->\n<title>Accessibilit\u00e0 - biwak12<\/title>\n<meta name=\"robots\" content=\"index, follow, max-snippet:-1, max-image-preview:large, max-video-preview:-1\" \/>\n<link rel=\"canonical\" href=\"https:\/\/biwak12.com\/it\/accessibilita\/\" \/>\n<meta property=\"og:locale\" content=\"it_IT\" \/>\n<meta property=\"og:type\" content=\"article\" \/>\n<meta property=\"og:title\" content=\"Accessibilit\u00e0 - biwak12\" \/>\n<meta property=\"og:description\" content=\"Accessibilit\u00e0 Dichiarazione di accessibilit\u00e0 per biwak12.com Noi ci impegniamo a rendere il nostro sito web il pi\u00f9 accessibile possibile, per garantire a tutte le persone \u2013 comprese quelle con disabilit\u00e0 \u2013 un accesso privo di barriere. Standard di accessibilit\u00e0 Il nostro sito si basa sulle normative europee sull\u2019accessibilit\u00e0, in particolare sul European Accessibility Act (EAA) [&hellip;]\" \/>\n<meta property=\"og:url\" content=\"https:\/\/biwak12.com\/it\/accessibilita\/\" \/>\n<meta property=\"og:site_name\" content=\"biwak12\" \/>\n<meta property=\"article:modified_time\" content=\"2025-06-27T12:04:33+00:00\" \/>\n<meta property=\"og:image\" content=\"https:\/\/biwak12.com\/wp-content\/uploads\/2023\/03\/\u00a9AlexFilz-4090_opt.jpg\" \/>\n\t<meta property=\"og:image:width\" content=\"1920\" \/>\n\t<meta property=\"og:image:height\" content=\"1280\" \/>\n\t<meta property=\"og:image:type\" content=\"image\/jpeg\" \/>\n<meta name=\"twitter:card\" content=\"summary_large_image\" \/>\n<meta name=\"twitter:label1\" content=\"Tempo di lettura stimato\" \/>\n\t<meta name=\"twitter:data1\" content=\"1 minuto\" \/>\n<script type=\"application\/ld+json\" class=\"yoast-schema-graph\">{\"@context\":\"https:\/\/schema.org\",\"@graph\":[{\"@type\":\"WebPage\",\"@id\":\"https:\/\/biwak12.com\/it\/accessibilita\/\",\"url\":\"https:\/\/biwak12.com\/it\/accessibilita\/\",\"name\":\"Accessibilit\u00e0 - biwak12\",\"isPartOf\":{\"@id\":\"https:\/\/biwak12.com\/it\/#website\"},\"primaryImageOfPage\":{\"@id\":\"https:\/\/biwak12.com\/it\/accessibilita\/#primaryimage\"},\"image\":{\"@id\":\"https:\/\/biwak12.com\/it\/accessibilita\/#primaryimage\"},\"thumbnailUrl\":\"https:\/\/biwak12.com\/wp-content\/uploads\/2023\/03\/\u00a9AlexFilz-4090_opt.jpg\",\"datePublished\":\"2025-06-27T11:42:23+00:00\",\"dateModified\":\"2025-06-27T12:04:33+00:00\",\"breadcrumb\":{\"@id\":\"https:\/\/biwak12.com\/it\/accessibilita\/#breadcrumb\"},\"inLanguage\":\"it-IT\",\"potentialAction\":[{\"@type\":\"ReadAction\",\"target\":[\"https:\/\/biwak12.com\/it\/accessibilita\/\"]}]},{\"@type\":\"ImageObject\",\"inLanguage\":\"it-IT\",\"@id\":\"https:\/\/biwak12.com\/it\/accessibilita\/#primaryimage\",\"url\":\"https:\/\/biwak12.com\/wp-content\/uploads\/2023\/03\/\u00a9AlexFilz-4090_opt.jpg\",\"contentUrl\":\"https:\/\/biwak12.com\/wp-content\/uploads\/2023\/03\/\u00a9AlexFilz-4090_opt.jpg\",\"width\":1920,\"height\":1280,\"caption\":\"Camera accogliente al Biwak 12 a Sesto con pareti in legno, biancheria a quadretti e stampe storiche \u2013 atmosfera rustica per soggiorni alpini.\"},{\"@type\":\"BreadcrumbList\",\"@id\":\"https:\/\/biwak12.com\/it\/accessibilita\/#breadcrumb\",\"itemListElement\":[{\"@type\":\"ListItem\",\"position\":1,\"name\":\"Startseite\",\"item\":\"https:\/\/biwak12.com\/it\/\"},{\"@type\":\"ListItem\",\"position\":2,\"name\":\"Accessibilit\u00e0\"}]},{\"@type\":\"WebSite\",\"@id\":\"https:\/\/biwak12.com\/it\/#website\",\"url\":\"https:\/\/biwak12.com\/it\/\",\"name\":\"biwak12\",\"description\":\"\",\"potentialAction\":[{\"@type\":\"SearchAction\",\"target\":{\"@type\":\"EntryPoint\",\"urlTemplate\":\"https:\/\/biwak12.com\/it\/?s={search_term_string}\"},\"query-input\":{\"@type\":\"PropertyValueSpecification\",\"valueRequired\":true,\"valueName\":\"search_term_string\"}}],\"inLanguage\":\"it-IT\"}]}<\/script>\n<!-- \/ Yoast SEO plugin. -->","yoast_head_json":{"title":"Accessibilit\u00e0 - biwak12","robots":{"index":"index","follow":"follow","max-snippet":"max-snippet:-1","max-image-preview":"max-image-preview:large","max-video-preview":"max-video-preview:-1"},"canonical":"https:\/\/biwak12.com\/it\/accessibilita\/","og_locale":"it_IT","og_type":"article","og_title":"Accessibilit\u00e0 - biwak12","og_description":"Accessibilit\u00e0 Dichiarazione di accessibilit\u00e0 per biwak12.com Noi ci impegniamo a rendere il nostro sito web il pi\u00f9 accessibile possibile, per garantire a tutte le persone \u2013 comprese quelle con disabilit\u00e0 \u2013 un accesso privo di barriere. Standard di accessibilit\u00e0 Il nostro sito si basa sulle normative europee sull\u2019accessibilit\u00e0, in particolare sul European Accessibility Act (EAA) [&hellip;]","og_url":"https:\/\/biwak12.com\/it\/accessibilita\/","og_site_name":"biwak12","article_modified_time":"2025-06-27T12:04:33+00:00","og_image":[{"width":1920,"height":1280,"url":"https:\/\/biwak12.com\/wp-content\/uploads\/2023\/03\/\u00a9AlexFilz-4090_opt.jpg","type":"image\/jpeg"}],"twitter_card":"summary_large_image","twitter_misc":{"Tempo di lettura stimato":"1 minuto"},"schema":{"@context":"https:\/\/schema.org","@graph":[{"@type":"WebPage","@id":"https:\/\/biwak12.com\/it\/accessibilita\/","url":"https:\/\/biwak12.com\/it\/accessibilita\/","name":"Accessibilit\u00e0 - biwak12","isPartOf":{"@id":"https:\/\/biwak12.com\/it\/#website"},"primaryImageOfPage":{"@id":"https:\/\/biwak12.com\/it\/accessibilita\/#primaryimage"},"image":{"@id":"https:\/\/biwak12.com\/it\/accessibilita\/#primaryimage"},"thumbnailUrl":"https:\/\/biwak12.com\/wp-content\/uploads\/2023\/03\/\u00a9AlexFilz-4090_opt.jpg","datePublished":"2025-06-27T11:42:23+00:00","dateModified":"2025-06-27T12:04:33+00:00","breadcrumb":{"@id":"https:\/\/biwak12.com\/it\/accessibilita\/#breadcrumb"},"inLanguage":"it-IT","potentialAction":[{"@type":"ReadAction","target":["https:\/\/biwak12.com\/it\/accessibilita\/"]}]},{"@type":"ImageObject","inLanguage":"it-IT","@id":"https:\/\/biwak12.com\/it\/accessibilita\/#primaryimage","url":"https:\/\/biwak12.com\/wp-content\/uploads\/2023\/03\/\u00a9AlexFilz-4090_opt.jpg","contentUrl":"https:\/\/biwak12.com\/wp-content\/uploads\/2023\/03\/\u00a9AlexFilz-4090_opt.jpg","width":1920,"height":1280,"caption":"Camera accogliente al Biwak 12 a Sesto con pareti in legno, biancheria a quadretti e stampe storiche \u2013 atmosfera rustica per soggiorni alpini."},{"@type":"BreadcrumbList","@id":"https:\/\/biwak12.com\/it\/accessibilita\/#breadcrumb","itemListElement":[{"@type":"ListItem","position":1,"name":"Startseite","item":"https:\/\/biwak12.com\/it\/"},{"@type":"ListItem","position":2,"name":"Accessibilit\u00e0"}]},{"@type":"WebSite","@id":"https:\/\/biwak12.com\/it\/#website","url":"https:\/\/biwak12.com\/it\/","name":"biwak12","description":"","potentialAction":[{"@type":"SearchAction","target":{"@type":"EntryPoint","urlTemplate":"https:\/\/biwak12.com\/it\/?s={search_term_string}"},"query-input":{"@type":"PropertyValueSpecification","valueRequired":true,"valueName":"search_term_string"}}],"inLanguage":"it-IT"}]}},"_links":{"self":[{"href":"https:\/\/biwak12.com\/it\/wp-json\/wp\/v2\/pages\/1263","targetHints":{"allow":["GET"]}}],"collection":[{"href":"https:\/\/biwak12.com\/it\/wp-json\/wp\/v2\/pages"}],"about":[{"href":"https:\/\/biwak12.com\/it\/wp-json\/wp\/v2\/types\/page"}],"author":[{"embeddable":true,"href":"https:\/\/biwak12.com\/it\/wp-json\/wp\/v2\/users\/1"}],"replies":[{"embeddable":true,"href":"https:\/\/biwak12.com\/it\/wp-json\/wp\/v2\/comments?post=1263"}],"version-history":[{"count":3,"href":"https:\/\/biwak12.com\/it\/wp-json\/wp\/v2\/pages\/1263\/revisions"}],"predecessor-version":[{"id":1268,"href":"https:\/\/biwak12.com\/it\/wp-json\/wp\/v2\/pages\/1263\/revisions\/1268"}],"wp:featuredmedia":[{"embeddable":true,"href":"https:\/\/biwak12.com\/it\/wp-json\/wp\/v2\/media\/227"}],"wp:attachment":[{"href":"https:\/\/biwak12.com\/it\/wp-json\/wp\/v2\/media?parent=1263"}],"curies":[{"name":"wp","href":"https:\/\/api.w.org\/{rel}","templated":true}]}}